{"id":10564,"date":"2025-02-05T09:59:13","date_gmt":"2025-02-05T08:59:13","guid":{"rendered":"https:\/\/www.sams-industrie.fr\/product\/coudeur-talon-coupe-biaise-point-15-patte-135-reference\/"},"modified":"2025-02-19T12:00:15","modified_gmt":"2025-02-19T11:00:15","slug":"coudeur-talon-coupe-biaise-point-15-patte-135-reference","status":"publish","type":"product","link":"https:\/\/www.sams-industrie.fr\/en\/product\/coudeur-talon-coupe-biaise-point-15-patte-135-reference\/","title":{"rendered":"Heel bender bias cut point 15 leg 13.5<br> Reference 1CB-1-15-13.5-G"},"content":{"rendered":"","protected":false},"excerpt":{"rendered":"<p>RAPIDEX Agrafeuse<br \/> R\u00e9f\u00e9rence constructeur : 1CB-1-15-13.5-G<br \/> R\u00e9f\u00e9rences \u00e9quivalentes : 1CB115135G \/ M1CB115135G \/ RAP1CB115135G<\/p>","protected":false},"featured_media":0,"comment_status":"open","ping_status":"closed","template":"","meta":[],"_links":{"self":[{"href":"https:\/\/www.sams-industrie.fr\/en\/wp-json\/wp\/v2\/product\/10564"}],"collection":[{"href":"https:\/\/www.sams-industrie.fr\/en\/wp-json\/wp\/v2\/product"}],"about":[{"href":"https:\/\/www.sams-industrie.fr\/en\/wp-json\/wp\/v2\/types\/product"}],"replies":[{"embeddable":true,"href":"https:\/\/www.sams-industrie.fr\/en\/wp-json\/wp\/v2\/comments?post=10564"}],"wp:attachment":[{"href":"https:\/\/www.sams-industrie.fr\/en\/wp-json\/wp\/v2\/media?parent=10564"}],"curies":[{"name":"wp","href":"https:\/\/api.w.org\/{rel}","templated":true}]}}