{"id":10562,"date":"2025-02-05T09:59:11","date_gmt":"2025-02-05T08:59:11","guid":{"rendered":"https:\/\/www.sams-industrie.fr\/product\/coudeur-talon-coupe-droite-point-15-patte-165-reference\/"},"modified":"2025-02-19T12:00:14","modified_gmt":"2025-02-19T11:00:14","slug":"coudeur-talon-coupe-droite-point-15-patte-165-reference","status":"publish","type":"product","link":"https:\/\/www.sams-industrie.fr\/en\/product\/coudeur-talon-coupe-droite-point-15-patte-165-reference\/","title":{"rendered":"Heel bender straight cut point 15 leg 16.5<br> Reference 6CD-1-15-16.5-G"},"content":{"rendered":"","protected":false},"excerpt":{"rendered":"<p>RAPIDEX Agrafeuse<br \/> R\u00e9f\u00e9rence constructeur : 6CD-1-15-16.5-G<br \/> R\u00e9f\u00e9rences \u00e9quivalentes : 6CD115165G \/ M6CD115165G \/ RAP6CD115165G<\/p>","protected":false},"featured_media":0,"comment_status":"open","ping_status":"closed","template":"","meta":[],"_links":{"self":[{"href":"https:\/\/www.sams-industrie.fr\/en\/wp-json\/wp\/v2\/product\/10562"}],"collection":[{"href":"https:\/\/www.sams-industrie.fr\/en\/wp-json\/wp\/v2\/product"}],"about":[{"href":"https:\/\/www.sams-industrie.fr\/en\/wp-json\/wp\/v2\/types\/product"}],"replies":[{"embeddable":true,"href":"https:\/\/www.sams-industrie.fr\/en\/wp-json\/wp\/v2\/comments?post=10562"}],"wp:attachment":[{"href":"https:\/\/www.sams-industrie.fr\/en\/wp-json\/wp\/v2\/media?parent=10562"}],"curies":[{"name":"wp","href":"https:\/\/api.w.org\/{rel}","templated":true}]}}