{"id":10559,"date":"2025-02-05T09:59:09","date_gmt":"2025-02-05T08:59:09","guid":{"rendered":"https:\/\/www.sams-industrie.fr\/product\/coudeur-talon-coupe-droite-point-15-patte-95-reference\/"},"modified":"2025-02-19T12:00:11","modified_gmt":"2025-02-19T11:00:11","slug":"coudeur-talon-coupe-droite-point-15-patte-95-reference","status":"publish","type":"product","link":"https:\/\/www.sams-industrie.fr\/en\/product\/coudeur-talon-coupe-droite-point-15-patte-95-reference\/","title":{"rendered":"Heel bender straight cut point 15 leg 9.5<br> Reference 1CD-1-15-9.5-G-1-5"},"content":{"rendered":"","protected":false},"excerpt":{"rendered":"<p>RAPIDEX Agrafeuse<br \/> R\u00e9f\u00e9rence constructeur : 1CD-1-15-9.5-G-1-5<br \/> R\u00e9f\u00e9rences \u00e9quivalentes : 1CD11595G \/ M1CD11595G \/ RAP1CD11595G<\/p>","protected":false},"featured_media":0,"comment_status":"open","ping_status":"closed","template":"","meta":[],"_links":{"self":[{"href":"https:\/\/www.sams-industrie.fr\/en\/wp-json\/wp\/v2\/product\/10559"}],"collection":[{"href":"https:\/\/www.sams-industrie.fr\/en\/wp-json\/wp\/v2\/product"}],"about":[{"href":"https:\/\/www.sams-industrie.fr\/en\/wp-json\/wp\/v2\/types\/product"}],"replies":[{"embeddable":true,"href":"https:\/\/www.sams-industrie.fr\/en\/wp-json\/wp\/v2\/comments?post=10559"}],"wp:attachment":[{"href":"https:\/\/www.sams-industrie.fr\/en\/wp-json\/wp\/v2\/media?parent=10559"}],"curies":[{"name":"wp","href":"https:\/\/api.w.org\/{rel}","templated":true}]}}