{"id":10556,"date":"2025-02-05T09:59:07","date_gmt":"2025-02-05T08:59:07","guid":{"rendered":"https:\/\/www.sams-industrie.fr\/product\/coudeur-coupe-biaise-point-15-patte-95-reference\/"},"modified":"2025-02-19T12:00:09","modified_gmt":"2025-02-19T11:00:09","slug":"coudeur-coupe-biaise-point-15-patte-95-reference","status":"publish","type":"product","link":"https:\/\/www.sams-industrie.fr\/en\/product\/coudeur-coupe-biaise-point-15-patte-95-reference\/","title":{"rendered":"Bias cutting bender stitch 15 tab 9.5<br> Reference 6CB-1-15-9.5-G"},"content":{"rendered":"","protected":false},"excerpt":{"rendered":"<p>RAPIDEX Agrafeuse<br \/> R\u00e9f\u00e9rence constructeur : 6CB-1-15-9.5-G<br \/> R\u00e9f\u00e9rences \u00e9quivalentes : 6CB11595G \/ M6CB11595G \/ RAP6CB11595G<\/p>","protected":false},"featured_media":0,"comment_status":"open","ping_status":"closed","template":"","meta":[],"_links":{"self":[{"href":"https:\/\/www.sams-industrie.fr\/en\/wp-json\/wp\/v2\/product\/10556"}],"collection":[{"href":"https:\/\/www.sams-industrie.fr\/en\/wp-json\/wp\/v2\/product"}],"about":[{"href":"https:\/\/www.sams-industrie.fr\/en\/wp-json\/wp\/v2\/types\/product"}],"replies":[{"embeddable":true,"href":"https:\/\/www.sams-industrie.fr\/en\/wp-json\/wp\/v2\/comments?post=10556"}],"wp:attachment":[{"href":"https:\/\/www.sams-industrie.fr\/en\/wp-json\/wp\/v2\/media?parent=10556"}],"curies":[{"name":"wp","href":"https:\/\/api.w.org\/{rel}","templated":true}]}}