{"id":10553,"date":"2025-02-05T09:59:05","date_gmt":"2025-02-05T08:59:05","guid":{"rendered":"https:\/\/www.sams-industrie.fr\/product\/coudeur-coupe-biaise-point-15-patte-115-reference-2\/"},"modified":"2025-02-19T12:00:07","modified_gmt":"2025-02-19T11:00:07","slug":"coudeur-coupe-biaise-point-15-patte-115-reference-2","status":"publish","type":"product","link":"https:\/\/www.sams-industrie.fr\/en\/product\/coudeur-coupe-biaise-point-15-patte-115-reference-2\/","title":{"rendered":"Bias cutting bender stitch 15 tab 11.5<br> Reference 6CB-1-15-11.5-D"},"content":{"rendered":"","protected":false},"excerpt":{"rendered":"<p>RAPIDEX Agrafeuse<br \/> R\u00e9f\u00e9rence constructeur : 6CB-1-15-11.5-D<br \/> R\u00e9f\u00e9rences \u00e9quivalentes : 6CB115115D \/ M6CB115115D \/ RAP6CB115115D<\/p>","protected":false},"featured_media":0,"comment_status":"open","ping_status":"closed","template":"","meta":[],"_links":{"self":[{"href":"https:\/\/www.sams-industrie.fr\/en\/wp-json\/wp\/v2\/product\/10553"}],"collection":[{"href":"https:\/\/www.sams-industrie.fr\/en\/wp-json\/wp\/v2\/product"}],"about":[{"href":"https:\/\/www.sams-industrie.fr\/en\/wp-json\/wp\/v2\/types\/product"}],"replies":[{"embeddable":true,"href":"https:\/\/www.sams-industrie.fr\/en\/wp-json\/wp\/v2\/comments?post=10553"}],"wp:attachment":[{"href":"https:\/\/www.sams-industrie.fr\/en\/wp-json\/wp\/v2\/media?parent=10553"}],"curies":[{"name":"wp","href":"https:\/\/api.w.org\/{rel}","templated":true}]}}