{"id":10548,"date":"2025-02-05T09:59:01","date_gmt":"2025-02-05T08:59:01","guid":{"rendered":"https:\/\/www.sams-industrie.fr\/product\/coudeur-coupe-droite-point-19-patte-175-reference-2\/"},"modified":"2025-02-19T12:00:03","modified_gmt":"2025-02-19T11:00:03","slug":"coudeur-coupe-droite-point-19-patte-175-reference-2","status":"publish","type":"product","link":"https:\/\/www.sams-industrie.fr\/en\/product\/coudeur-coupe-droite-point-19-patte-175-reference-2\/","title":{"rendered":"Straight cut bender point 19 tab 17.5<br> Reference 1CD-1-19-17.5-G-1-5"},"content":{"rendered":"","protected":false},"excerpt":{"rendered":"<p>RAPIDEX Agrafeuse<br \/> R\u00e9f\u00e9rence constructeur : 1CD-1-19-17.5-G-1-5<br \/> R\u00e9f\u00e9rences \u00e9quivalentes : 1CD119175G \/ M1CD119175G \/ RAP1CD119175G<\/p>","protected":false},"featured_media":0,"comment_status":"open","ping_status":"closed","template":"","meta":[],"_links":{"self":[{"href":"https:\/\/www.sams-industrie.fr\/en\/wp-json\/wp\/v2\/product\/10548"}],"collection":[{"href":"https:\/\/www.sams-industrie.fr\/en\/wp-json\/wp\/v2\/product"}],"about":[{"href":"https:\/\/www.sams-industrie.fr\/en\/wp-json\/wp\/v2\/types\/product"}],"replies":[{"embeddable":true,"href":"https:\/\/www.sams-industrie.fr\/en\/wp-json\/wp\/v2\/comments?post=10548"}],"wp:attachment":[{"href":"https:\/\/www.sams-industrie.fr\/en\/wp-json\/wp\/v2\/media?parent=10548"}],"curies":[{"name":"wp","href":"https:\/\/api.w.org\/{rel}","templated":true}]}}