{"id":10546,"date":"2025-02-05T09:58:59","date_gmt":"2025-02-05T08:58:59","guid":{"rendered":"https:\/\/www.sams-industrie.fr\/product\/coudeur-coupe-droite-point-19-patte-175-reference\/"},"modified":"2025-02-19T12:00:00","modified_gmt":"2025-02-19T11:00:00","slug":"coudeur-coupe-droite-point-19-patte-175-reference","status":"publish","type":"product","link":"https:\/\/www.sams-industrie.fr\/en\/product\/coudeur-coupe-droite-point-19-patte-175-reference\/","title":{"rendered":"Straight cut bender point 19 tab 17.5<br> Reference 6CD-1-19-17.5 D"},"content":{"rendered":"","protected":false},"excerpt":{"rendered":"<p>RAPIDEX Agrafeuse<br \/> R\u00e9f\u00e9rence constructeur : 6CD-1-19-17.5 D<br \/> R\u00e9f\u00e9rences \u00e9quivalentes : 6CD119175D \/ M6CD119175D \/ RAP6CD119175D<\/p>","protected":false},"featured_media":0,"comment_status":"open","ping_status":"closed","template":"","meta":[],"_links":{"self":[{"href":"https:\/\/www.sams-industrie.fr\/en\/wp-json\/wp\/v2\/product\/10546"}],"collection":[{"href":"https:\/\/www.sams-industrie.fr\/en\/wp-json\/wp\/v2\/product"}],"about":[{"href":"https:\/\/www.sams-industrie.fr\/en\/wp-json\/wp\/v2\/types\/product"}],"replies":[{"embeddable":true,"href":"https:\/\/www.sams-industrie.fr\/en\/wp-json\/wp\/v2\/comments?post=10546"}],"wp:attachment":[{"href":"https:\/\/www.sams-industrie.fr\/en\/wp-json\/wp\/v2\/media?parent=10546"}],"curies":[{"name":"wp","href":"https:\/\/api.w.org\/{rel}","templated":true}]}}