{"id":10545,"date":"2025-02-05T09:58:58","date_gmt":"2025-02-05T08:58:58","guid":{"rendered":"https:\/\/www.sams-industrie.fr\/product\/coudeur-coupe-droite-point-19-patte-195-reference\/"},"modified":"2025-11-03T15:23:47","modified_gmt":"2025-11-03T14:23:47","slug":"coudeur-coupe-droite-point-19-patte-195-reference","status":"publish","type":"product","link":"https:\/\/www.sams-industrie.fr\/en\/product\/coudeur-coupe-droite-point-19-patte-195-reference\/","title":{"rendered":"Straight cut bender point 19 tab 19.5<br> Reference 6CD-1-19.19.5-G"},"content":{"rendered":"","protected":false},"excerpt":{"rendered":"<p>RAPIDEX Agrafeuse<br \/>\nR\u00e9f\u00e9rence constructeur : 6CD-1-19.19.5-G<br \/>\nR\u00e9f\u00e9rences \u00e9quivalentes : 6CD119195G \/ M6CD119195G \/ RAP6CD119195G<\/p>","protected":false},"featured_media":11706,"comment_status":"open","ping_status":"closed","template":"","meta":[],"_links":{"self":[{"href":"https:\/\/www.sams-industrie.fr\/en\/wp-json\/wp\/v2\/product\/10545"}],"collection":[{"href":"https:\/\/www.sams-industrie.fr\/en\/wp-json\/wp\/v2\/product"}],"about":[{"href":"https:\/\/www.sams-industrie.fr\/en\/wp-json\/wp\/v2\/types\/product"}],"replies":[{"embeddable":true,"href":"https:\/\/www.sams-industrie.fr\/en\/wp-json\/wp\/v2\/comments?post=10545"}],"wp:featuredmedia":[{"embeddable":true,"href":"https:\/\/www.sams-industrie.fr\/en\/wp-json\/wp\/v2\/media\/11706"}],"wp:attachment":[{"href":"https:\/\/www.sams-industrie.fr\/en\/wp-json\/wp\/v2\/media?parent=10545"}],"curies":[{"name":"wp","href":"https:\/\/api.w.org\/{rel}","templated":true}]}}