{"id":10543,"date":"2025-02-05T09:58:57","date_gmt":"2025-02-05T08:58:57","guid":{"rendered":"https:\/\/www.sams-industrie.fr\/product\/coudeur-coupe-biaise-point-19-patte-165-reference-2\/"},"modified":"2025-02-19T11:59:58","modified_gmt":"2025-02-19T10:59:58","slug":"coudeur-coupe-biaise-point-19-patte-165-reference-2","status":"publish","type":"product","link":"https:\/\/www.sams-industrie.fr\/en\/product\/coudeur-coupe-biaise-point-19-patte-165-reference-2\/","title":{"rendered":"Bias cutting bender point 19 tab 16.5<br> Reference 6CB-1-19-16.5-GSP"},"content":{"rendered":"","protected":false},"excerpt":{"rendered":"<p>RAPIDEX Agrafeuse<br \/> R\u00e9f\u00e9rence constructeur : 6CB-1-19-16.5-GSP<br \/> R\u00e9f\u00e9rences \u00e9quivalentes : 6CB119165GSP \/ M6CB119165GSP \/ RAP6CB119165GSP<\/p>","protected":false},"featured_media":0,"comment_status":"open","ping_status":"closed","template":"","meta":[],"_links":{"self":[{"href":"https:\/\/www.sams-industrie.fr\/en\/wp-json\/wp\/v2\/product\/10543"}],"collection":[{"href":"https:\/\/www.sams-industrie.fr\/en\/wp-json\/wp\/v2\/product"}],"about":[{"href":"https:\/\/www.sams-industrie.fr\/en\/wp-json\/wp\/v2\/types\/product"}],"replies":[{"embeddable":true,"href":"https:\/\/www.sams-industrie.fr\/en\/wp-json\/wp\/v2\/comments?post=10543"}],"wp:attachment":[{"href":"https:\/\/www.sams-industrie.fr\/en\/wp-json\/wp\/v2\/media?parent=10543"}],"curies":[{"name":"wp","href":"https:\/\/api.w.org\/{rel}","templated":true}]}}