{"id":10537,"date":"2025-02-05T09:58:49","date_gmt":"2025-02-05T08:58:49","guid":{"rendered":"https:\/\/www.sams-industrie.fr\/product\/contre-cisaille-point-15-reference-3\/"},"modified":"2025-02-19T11:59:54","modified_gmt":"2025-02-19T10:59:54","slug":"contre-cisaille-point-15-reference-3","status":"publish","type":"product","link":"https:\/\/www.sams-industrie.fr\/en\/product\/contre-cisaille-point-15-reference-3\/","title":{"rendered":"Counter shears point 15<br> Reference 1CC-15-G-1-2"},"content":{"rendered":"","protected":false},"excerpt":{"rendered":"<p>RAPIDEX Agrafeuse<br \/> R\u00e9f\u00e9rence constructeur : 1CC-15-G-1-2<br \/> R\u00e9f\u00e9rences \u00e9quivalentes : 1CC15G12 \/ M1CC15G12 \/ RAP1CC15G12<\/p>","protected":false},"featured_media":0,"comment_status":"open","ping_status":"closed","template":"","meta":[],"_links":{"self":[{"href":"https:\/\/www.sams-industrie.fr\/en\/wp-json\/wp\/v2\/product\/10537"}],"collection":[{"href":"https:\/\/www.sams-industrie.fr\/en\/wp-json\/wp\/v2\/product"}],"about":[{"href":"https:\/\/www.sams-industrie.fr\/en\/wp-json\/wp\/v2\/types\/product"}],"replies":[{"embeddable":true,"href":"https:\/\/www.sams-industrie.fr\/en\/wp-json\/wp\/v2\/comments?post=10537"}],"wp:attachment":[{"href":"https:\/\/www.sams-industrie.fr\/en\/wp-json\/wp\/v2\/media?parent=10537"}],"curies":[{"name":"wp","href":"https:\/\/api.w.org\/{rel}","templated":true}]}}