{"id":10532,"date":"2025-02-05T09:58:44","date_gmt":"2025-02-05T08:58:44","guid":{"rendered":"https:\/\/www.sams-industrie.fr\/product\/contre-cisaille-point-19-reference-2\/"},"modified":"2025-02-19T11:59:50","modified_gmt":"2025-02-19T10:59:50","slug":"contre-cisaille-point-19-reference-2","status":"publish","type":"product","link":"https:\/\/www.sams-industrie.fr\/en\/product\/contre-cisaille-point-19-reference-2\/","title":{"rendered":"Counter shears point 19<br> Reference 2CC-19-G-6-7"},"content":{"rendered":"","protected":false},"excerpt":{"rendered":"<p>RAPIDEX Agrafeuse<br \/> R\u00e9f\u00e9rence constructeur : 2CC-19-G-6-7<br \/> R\u00e9f\u00e9rences \u00e9quivalentes : 2CC19G67 \/ M2CC19G67 \/ RAP2CC19G67<\/p>","protected":false},"featured_media":0,"comment_status":"open","ping_status":"closed","template":"","meta":[],"_links":{"self":[{"href":"https:\/\/www.sams-industrie.fr\/en\/wp-json\/wp\/v2\/product\/10532"}],"collection":[{"href":"https:\/\/www.sams-industrie.fr\/en\/wp-json\/wp\/v2\/product"}],"about":[{"href":"https:\/\/www.sams-industrie.fr\/en\/wp-json\/wp\/v2\/types\/product"}],"replies":[{"embeddable":true,"href":"https:\/\/www.sams-industrie.fr\/en\/wp-json\/wp\/v2\/comments?post=10532"}],"wp:attachment":[{"href":"https:\/\/www.sams-industrie.fr\/en\/wp-json\/wp\/v2\/media?parent=10532"}],"curies":[{"name":"wp","href":"https:\/\/api.w.org\/{rel}","templated":true}]}}