{"id":10530,"date":"2025-02-05T09:58:42","date_gmt":"2025-02-05T08:58:42","guid":{"rendered":"https:\/\/www.sams-industrie.fr\/product\/cisaille-coupe-droite-reference-6\/"},"modified":"2025-02-19T11:59:49","modified_gmt":"2025-02-19T10:59:49","slug":"cisaille-coupe-droite-reference-6","status":"publish","type":"product","link":"https:\/\/www.sams-industrie.fr\/en\/product\/cisaille-coupe-droite-reference-6\/","title":{"rendered":"Straight cutting shears<br> Reference 1CI-CD-G-1-2"},"content":{"rendered":"","protected":false},"excerpt":{"rendered":"<p>RAPIDEX Agrafeuse<br \/> R\u00e9f\u00e9rence constructeur : 1CI-CD-G-1-2<br \/> R\u00e9f\u00e9rences \u00e9quivalentes : 1CICDG12 \/ M1CICDG12 \/ RAP1CICDG12<\/p>","protected":false},"featured_media":0,"comment_status":"open","ping_status":"closed","template":"","meta":[],"_links":{"self":[{"href":"https:\/\/www.sams-industrie.fr\/en\/wp-json\/wp\/v2\/product\/10530"}],"collection":[{"href":"https:\/\/www.sams-industrie.fr\/en\/wp-json\/wp\/v2\/product"}],"about":[{"href":"https:\/\/www.sams-industrie.fr\/en\/wp-json\/wp\/v2\/types\/product"}],"replies":[{"embeddable":true,"href":"https:\/\/www.sams-industrie.fr\/en\/wp-json\/wp\/v2\/comments?post=10530"}],"wp:attachment":[{"href":"https:\/\/www.sams-industrie.fr\/en\/wp-json\/wp\/v2\/media?parent=10530"}],"curies":[{"name":"wp","href":"https:\/\/api.w.org\/{rel}","templated":true}]}}