{"id":10526,"date":"2025-02-05T09:58:38","date_gmt":"2025-02-05T08:58:38","guid":{"rendered":"https:\/\/www.sams-industrie.fr\/product\/excentrique-de-commande-reference\/"},"modified":"2025-02-19T11:59:46","modified_gmt":"2025-02-19T10:59:46","slug":"excentrique-de-commande-reference","status":"publish","type":"product","link":"https:\/\/www.sams-industrie.fr\/en\/product\/excentrique-de-commande-reference\/","title":{"rendered":"Excentrique de commande<br> R\u00e9f\u00e9rence GF-001-040"},"content":{"rendered":"","protected":false},"excerpt":{"rendered":"<p>RAPIDEX Agrafeuse<br \/> R\u00e9f\u00e9rence constructeur : GF-001-040<br \/> R\u00e9f\u00e9rences \u00e9quivalentes : GF001040 \/ MGF001040 \/ RAPGF001040<\/p>","protected":false},"featured_media":0,"comment_status":"open","ping_status":"closed","template":"","meta":[],"_links":{"self":[{"href":"https:\/\/www.sams-industrie.fr\/en\/wp-json\/wp\/v2\/product\/10526"}],"collection":[{"href":"https:\/\/www.sams-industrie.fr\/en\/wp-json\/wp\/v2\/product"}],"about":[{"href":"https:\/\/www.sams-industrie.fr\/en\/wp-json\/wp\/v2\/types\/product"}],"replies":[{"embeddable":true,"href":"https:\/\/www.sams-industrie.fr\/en\/wp-json\/wp\/v2\/comments?post=10526"}],"wp:attachment":[{"href":"https:\/\/www.sams-industrie.fr\/en\/wp-json\/wp\/v2\/media?parent=10526"}],"curies":[{"name":"wp","href":"https:\/\/api.w.org\/{rel}","templated":true}]}}