{"id":10524,"date":"2025-02-05T09:58:37","date_gmt":"2025-02-05T08:58:37","guid":{"rendered":"https:\/\/www.sams-industrie.fr\/product\/poulie-reference-4\/"},"modified":"2025-02-19T11:59:44","modified_gmt":"2025-02-19T10:59:44","slug":"poulie-reference-4","status":"publish","type":"product","link":"https:\/\/www.sams-industrie.fr\/en\/product\/poulie-reference-4\/","title":{"rendered":"Pulley<br> Reference GF-027-002"},"content":{"rendered":"","protected":false},"excerpt":{"rendered":"<p>RAPIDEX Agrafeuse<br \/> R\u00e9f\u00e9rence constructeur : GF-027-002<br \/> R\u00e9f\u00e9rences \u00e9quivalentes : GF027002 \/ MGF027002 \/ RAPGF027002<\/p>","protected":false},"featured_media":0,"comment_status":"open","ping_status":"closed","template":"","meta":[],"_links":{"self":[{"href":"https:\/\/www.sams-industrie.fr\/en\/wp-json\/wp\/v2\/product\/10524"}],"collection":[{"href":"https:\/\/www.sams-industrie.fr\/en\/wp-json\/wp\/v2\/product"}],"about":[{"href":"https:\/\/www.sams-industrie.fr\/en\/wp-json\/wp\/v2\/types\/product"}],"replies":[{"embeddable":true,"href":"https:\/\/www.sams-industrie.fr\/en\/wp-json\/wp\/v2\/comments?post=10524"}],"wp:attachment":[{"href":"https:\/\/www.sams-industrie.fr\/en\/wp-json\/wp\/v2\/media?parent=10524"}],"curies":[{"name":"wp","href":"https:\/\/api.w.org\/{rel}","templated":true}]}}