{"id":10521,"date":"2025-02-05T09:58:34","date_gmt":"2025-02-05T08:58:34","guid":{"rendered":"https:\/\/www.sams-industrie.fr\/product\/cisaille-coupe-biaise-reference-10\/"},"modified":"2025-02-19T11:59:42","modified_gmt":"2025-02-19T10:59:42","slug":"cisaille-coupe-biaise-reference-10","status":"publish","type":"product","link":"https:\/\/www.sams-industrie.fr\/en\/product\/cisaille-coupe-biaise-reference-10\/","title":{"rendered":"Angle cutting shears<br> Reference 2CI-CB-D-6-7"},"content":{"rendered":"","protected":false},"excerpt":{"rendered":"<p>RAPIDEX Agrafeuse<br \/> R\u00e9f\u00e9rence constructeur : 2CI-CB-D-6-7<br \/> R\u00e9f\u00e9rences \u00e9quivalentes : 2CICBD67 \/ M2CICBD67 \/ RAP2CICBD67<\/p>","protected":false},"featured_media":0,"comment_status":"open","ping_status":"closed","template":"","meta":[],"_links":{"self":[{"href":"https:\/\/www.sams-industrie.fr\/en\/wp-json\/wp\/v2\/product\/10521"}],"collection":[{"href":"https:\/\/www.sams-industrie.fr\/en\/wp-json\/wp\/v2\/product"}],"about":[{"href":"https:\/\/www.sams-industrie.fr\/en\/wp-json\/wp\/v2\/types\/product"}],"replies":[{"embeddable":true,"href":"https:\/\/www.sams-industrie.fr\/en\/wp-json\/wp\/v2\/comments?post=10521"}],"wp:attachment":[{"href":"https:\/\/www.sams-industrie.fr\/en\/wp-json\/wp\/v2\/media?parent=10521"}],"curies":[{"name":"wp","href":"https:\/\/api.w.org\/{rel}","templated":true}]}}