{"id":10520,"date":"2025-02-05T09:58:33","date_gmt":"2025-02-05T08:58:33","guid":{"rendered":"https:\/\/www.sams-industrie.fr\/product\/cisaille-coupe-biaise-reference-9\/"},"modified":"2025-02-19T11:59:41","modified_gmt":"2025-02-19T10:59:41","slug":"cisaille-coupe-biaise-reference-9","status":"publish","type":"product","link":"https:\/\/www.sams-industrie.fr\/en\/product\/cisaille-coupe-biaise-reference-9\/","title":{"rendered":"Angle cutting shears<br> Reference GD-001-116"},"content":{"rendered":"","protected":false},"excerpt":{"rendered":"<p>RAPIDEX Agrafeuse<br \/> R\u00e9f\u00e9rence constructeur : GD-001-116<br \/> R\u00e9f\u00e9rences \u00e9quivalentes : GD001116 \/ MGD001116 \/ RAPGD001116<\/p>","protected":false},"featured_media":0,"comment_status":"open","ping_status":"closed","template":"","meta":[],"_links":{"self":[{"href":"https:\/\/www.sams-industrie.fr\/en\/wp-json\/wp\/v2\/product\/10520"}],"collection":[{"href":"https:\/\/www.sams-industrie.fr\/en\/wp-json\/wp\/v2\/product"}],"about":[{"href":"https:\/\/www.sams-industrie.fr\/en\/wp-json\/wp\/v2\/types\/product"}],"replies":[{"embeddable":true,"href":"https:\/\/www.sams-industrie.fr\/en\/wp-json\/wp\/v2\/comments?post=10520"}],"wp:attachment":[{"href":"https:\/\/www.sams-industrie.fr\/en\/wp-json\/wp\/v2\/media?parent=10520"}],"curies":[{"name":"wp","href":"https:\/\/api.w.org\/{rel}","templated":true}]}}