{"id":10518,"date":"2025-02-05T09:58:32","date_gmt":"2025-02-05T08:58:32","guid":{"rendered":"https:\/\/www.sams-industrie.fr\/product\/cisaille-coupe-droite-reference-2\/"},"modified":"2025-02-19T11:59:38","modified_gmt":"2025-02-19T10:59:38","slug":"cisaille-coupe-droite-reference-2","status":"publish","type":"product","link":"https:\/\/www.sams-industrie.fr\/en\/product\/cisaille-coupe-droite-reference-2\/","title":{"rendered":"Straight cutting shears<br> Reference 3CI-CB-G-1-5"},"content":{"rendered":"","protected":false},"excerpt":{"rendered":"<p>RAPIDEX Agrafeuse<br \/> R\u00e9f\u00e9rence constructeur : 3CI-CB-G-1-5<br \/> R\u00e9f\u00e9rences \u00e9quivalentes : 3CICBG15 \/ M3CICBG15 \/ RAP3CICBG15<\/p>","protected":false},"featured_media":0,"comment_status":"open","ping_status":"closed","template":"","meta":[],"_links":{"self":[{"href":"https:\/\/www.sams-industrie.fr\/en\/wp-json\/wp\/v2\/product\/10518"}],"collection":[{"href":"https:\/\/www.sams-industrie.fr\/en\/wp-json\/wp\/v2\/product"}],"about":[{"href":"https:\/\/www.sams-industrie.fr\/en\/wp-json\/wp\/v2\/types\/product"}],"replies":[{"embeddable":true,"href":"https:\/\/www.sams-industrie.fr\/en\/wp-json\/wp\/v2\/comments?post=10518"}],"wp:attachment":[{"href":"https:\/\/www.sams-industrie.fr\/en\/wp-json\/wp\/v2\/media?parent=10518"}],"curies":[{"name":"wp","href":"https:\/\/api.w.org\/{rel}","templated":true}]}}