{"id":10515,"date":"2025-02-05T09:58:29","date_gmt":"2025-02-05T08:58:29","guid":{"rendered":"https:\/\/www.sams-industrie.fr\/product\/cisaille-coupe-biaise-reference-5\/"},"modified":"2025-02-19T11:59:36","modified_gmt":"2025-02-19T10:59:36","slug":"cisaille-coupe-biaise-reference-5","status":"publish","type":"product","link":"https:\/\/www.sams-industrie.fr\/en\/product\/cisaille-coupe-biaise-reference-5\/","title":{"rendered":"Angle cutting shears<br> Reference 1CI-CB-G-1-2"},"content":{"rendered":"","protected":false},"excerpt":{"rendered":"<p>RAPIDEX Agrafeuse<br \/> R\u00e9f\u00e9rence constructeur : 1CI-CB-G-1-2<br \/> R\u00e9f\u00e9rences \u00e9quivalentes : 1CICBG12 \/ M1CICBG12 \/ RAP1CICBG12<\/p>","protected":false},"featured_media":0,"comment_status":"open","ping_status":"closed","template":"","meta":[],"_links":{"self":[{"href":"https:\/\/www.sams-industrie.fr\/en\/wp-json\/wp\/v2\/product\/10515"}],"collection":[{"href":"https:\/\/www.sams-industrie.fr\/en\/wp-json\/wp\/v2\/product"}],"about":[{"href":"https:\/\/www.sams-industrie.fr\/en\/wp-json\/wp\/v2\/types\/product"}],"replies":[{"embeddable":true,"href":"https:\/\/www.sams-industrie.fr\/en\/wp-json\/wp\/v2\/comments?post=10515"}],"wp:attachment":[{"href":"https:\/\/www.sams-industrie.fr\/en\/wp-json\/wp\/v2\/media?parent=10515"}],"curies":[{"name":"wp","href":"https:\/\/api.w.org\/{rel}","templated":true}]}}