{"id":10508,"date":"2025-02-05T09:58:23","date_gmt":"2025-02-05T08:58:23","guid":{"rendered":"https:\/\/www.sams-industrie.fr\/product\/couteau-reglage-reference-empileur\/"},"modified":"2025-02-19T11:59:30","modified_gmt":"2025-02-19T10:59:30","slug":"couteau-reglage-reference-empileur","status":"publish","type":"product","link":"https:\/\/www.sams-industrie.fr\/en\/product\/couteau-reglage-reference-empileur\/","title":{"rendered":"Adjusting knife<br> Reference 620-005-514"},"content":{"rendered":"","protected":false},"excerpt":{"rendered":"<p>RAPIDEX <br \/> R\u00e9f\u00e9rence constructeur : 620-005-514<br \/> R\u00e9f\u00e9rences \u00e9quivalentes : 620005514 \/ M620005514 \/ RAP620005514<\/p>","protected":false},"featured_media":0,"comment_status":"open","ping_status":"closed","template":"","meta":[],"_links":{"self":[{"href":"https:\/\/www.sams-industrie.fr\/en\/wp-json\/wp\/v2\/product\/10508"}],"collection":[{"href":"https:\/\/www.sams-industrie.fr\/en\/wp-json\/wp\/v2\/product"}],"about":[{"href":"https:\/\/www.sams-industrie.fr\/en\/wp-json\/wp\/v2\/types\/product"}],"replies":[{"embeddable":true,"href":"https:\/\/www.sams-industrie.fr\/en\/wp-json\/wp\/v2\/comments?post=10508"}],"wp:attachment":[{"href":"https:\/\/www.sams-industrie.fr\/en\/wp-json\/wp\/v2\/media?parent=10508"}],"curies":[{"name":"wp","href":"https:\/\/api.w.org\/{rel}","templated":true}]}}