{"id":10507,"date":"2025-02-05T09:58:22","date_gmt":"2025-02-05T08:58:22","guid":{"rendered":"https:\/\/www.sams-industrie.fr\/product\/support-couteau-reference-empileur\/"},"modified":"2025-02-19T11:59:30","modified_gmt":"2025-02-19T10:59:30","slug":"support-couteau-reference-empileur","status":"publish","type":"product","link":"https:\/\/www.sams-industrie.fr\/en\/product\/support-couteau-reference-empileur\/","title":{"rendered":"Knife holder<br> Reference 620-005-512"},"content":{"rendered":"","protected":false},"excerpt":{"rendered":"<p>RAPIDEX <br \/> R\u00e9f\u00e9rence constructeur : 620-005-512<br \/> R\u00e9f\u00e9rences \u00e9quivalentes : 620005512 \/ M620005512 \/ RAP620005512<\/p>","protected":false},"featured_media":0,"comment_status":"open","ping_status":"closed","template":"","meta":[],"_links":{"self":[{"href":"https:\/\/www.sams-industrie.fr\/en\/wp-json\/wp\/v2\/product\/10507"}],"collection":[{"href":"https:\/\/www.sams-industrie.fr\/en\/wp-json\/wp\/v2\/product"}],"about":[{"href":"https:\/\/www.sams-industrie.fr\/en\/wp-json\/wp\/v2\/types\/product"}],"replies":[{"embeddable":true,"href":"https:\/\/www.sams-industrie.fr\/en\/wp-json\/wp\/v2\/comments?post=10507"}],"wp:attachment":[{"href":"https:\/\/www.sams-industrie.fr\/en\/wp-json\/wp\/v2\/media?parent=10507"}],"curies":[{"name":"wp","href":"https:\/\/api.w.org\/{rel}","templated":true}]}}