{"id":10506,"date":"2025-02-05T09:58:21","date_gmt":"2025-02-05T08:58:21","guid":{"rendered":"https:\/\/www.sams-industrie.fr\/product\/feuillard-reference-empileur\/"},"modified":"2025-02-19T11:59:29","modified_gmt":"2025-02-19T10:59:29","slug":"feuillard-reference-empileur","status":"publish","type":"product","link":"https:\/\/www.sams-industrie.fr\/en\/product\/feuillard-reference-empileur\/","title":{"rendered":"Strapping<br> Reference DK-006-061"},"content":{"rendered":"","protected":false},"excerpt":{"rendered":"<p>RAPIDEX <br \/> R\u00e9f\u00e9rence constructeur : DK-006-061<br \/> R\u00e9f\u00e9rences \u00e9quivalentes : DK006061 \/ MDK006061 \/ RAPDK006061<\/p>","protected":false},"featured_media":0,"comment_status":"open","ping_status":"closed","template":"","meta":[],"_links":{"self":[{"href":"https:\/\/www.sams-industrie.fr\/en\/wp-json\/wp\/v2\/product\/10506"}],"collection":[{"href":"https:\/\/www.sams-industrie.fr\/en\/wp-json\/wp\/v2\/product"}],"about":[{"href":"https:\/\/www.sams-industrie.fr\/en\/wp-json\/wp\/v2\/types\/product"}],"replies":[{"embeddable":true,"href":"https:\/\/www.sams-industrie.fr\/en\/wp-json\/wp\/v2\/comments?post=10506"}],"wp:attachment":[{"href":"https:\/\/www.sams-industrie.fr\/en\/wp-json\/wp\/v2\/media?parent=10506"}],"curies":[{"name":"wp","href":"https:\/\/api.w.org\/{rel}","templated":true}]}}