{"id":10505,"date":"2025-02-05T09:58:20","date_gmt":"2025-02-05T08:58:20","guid":{"rendered":"https:\/\/www.sams-industrie.fr\/product\/colonne-reference-empileur\/"},"modified":"2025-02-19T11:59:28","modified_gmt":"2025-02-19T10:59:28","slug":"colonne-reference-empileur","status":"publish","type":"product","link":"https:\/\/www.sams-industrie.fr\/en\/product\/colonne-reference-empileur\/","title":{"rendered":"Column<br> Reference DK-007-032"},"content":{"rendered":"","protected":false},"excerpt":{"rendered":"<p>RAPIDEX <br \/> R\u00e9f\u00e9rence constructeur : DK-007-032<br \/> R\u00e9f\u00e9rences \u00e9quivalentes : DK007032 \/ MDK007032 \/ RAPDK007032<\/p>","protected":false},"featured_media":0,"comment_status":"open","ping_status":"closed","template":"","meta":[],"_links":{"self":[{"href":"https:\/\/www.sams-industrie.fr\/en\/wp-json\/wp\/v2\/product\/10505"}],"collection":[{"href":"https:\/\/www.sams-industrie.fr\/en\/wp-json\/wp\/v2\/product"}],"about":[{"href":"https:\/\/www.sams-industrie.fr\/en\/wp-json\/wp\/v2\/types\/product"}],"replies":[{"embeddable":true,"href":"https:\/\/www.sams-industrie.fr\/en\/wp-json\/wp\/v2\/comments?post=10505"}],"wp:attachment":[{"href":"https:\/\/www.sams-industrie.fr\/en\/wp-json\/wp\/v2\/media?parent=10505"}],"curies":[{"name":"wp","href":"https:\/\/api.w.org\/{rel}","templated":true}]}}