{"id":10503,"date":"2025-02-05T09:58:19","date_gmt":"2025-02-05T08:58:19","guid":{"rendered":"https:\/\/www.sams-industrie.fr\/product\/joue-droite-mobile-reference-empileur\/"},"modified":"2025-02-19T11:59:27","modified_gmt":"2025-02-19T10:59:27","slug":"joue-droite-mobile-reference-empileur","status":"publish","type":"product","link":"https:\/\/www.sams-industrie.fr\/en\/product\/joue-droite-mobile-reference-empileur\/","title":{"rendered":"Right cheek mobile<br> Reference DK-007-100"},"content":{"rendered":"","protected":false},"excerpt":{"rendered":"<p>RAPIDEX <br \/> R\u00e9f\u00e9rence constructeur : DK-007-100<br \/> R\u00e9f\u00e9rences \u00e9quivalentes : DK007100 \/ MDK007100 \/ RAPDK007100<\/p>","protected":false},"featured_media":0,"comment_status":"open","ping_status":"closed","template":"","meta":[],"_links":{"self":[{"href":"https:\/\/www.sams-industrie.fr\/en\/wp-json\/wp\/v2\/product\/10503"}],"collection":[{"href":"https:\/\/www.sams-industrie.fr\/en\/wp-json\/wp\/v2\/product"}],"about":[{"href":"https:\/\/www.sams-industrie.fr\/en\/wp-json\/wp\/v2\/types\/product"}],"replies":[{"embeddable":true,"href":"https:\/\/www.sams-industrie.fr\/en\/wp-json\/wp\/v2\/comments?post=10503"}],"wp:attachment":[{"href":"https:\/\/www.sams-industrie.fr\/en\/wp-json\/wp\/v2\/media?parent=10503"}],"curies":[{"name":"wp","href":"https:\/\/api.w.org\/{rel}","templated":true}]}}