{"id":10500,"date":"2025-02-05T09:58:16","date_gmt":"2025-02-05T08:58:16","guid":{"rendered":"https:\/\/www.sams-industrie.fr\/product\/entretoise-de-batteur-reference-empileur-2\/"},"modified":"2025-02-19T11:59:24","modified_gmt":"2025-02-19T10:59:24","slug":"entretoise-de-batteur-reference-empileur-2","status":"publish","type":"product","link":"https:\/\/www.sams-industrie.fr\/en\/product\/entretoise-de-batteur-reference-empileur-2\/","title":{"rendered":"Beater spacer<br> Reference DK-007-034"},"content":{"rendered":"","protected":false},"excerpt":{"rendered":"<p>RAPIDEX <br \/> R\u00e9f\u00e9rence constructeur : DK-007-034<br \/> R\u00e9f\u00e9rences \u00e9quivalentes : DK007034 \/ MDK007034 \/ RAPDK007034<\/p>","protected":false},"featured_media":0,"comment_status":"open","ping_status":"closed","template":"","meta":[],"_links":{"self":[{"href":"https:\/\/www.sams-industrie.fr\/en\/wp-json\/wp\/v2\/product\/10500"}],"collection":[{"href":"https:\/\/www.sams-industrie.fr\/en\/wp-json\/wp\/v2\/product"}],"about":[{"href":"https:\/\/www.sams-industrie.fr\/en\/wp-json\/wp\/v2\/types\/product"}],"replies":[{"embeddable":true,"href":"https:\/\/www.sams-industrie.fr\/en\/wp-json\/wp\/v2\/comments?post=10500"}],"wp:attachment":[{"href":"https:\/\/www.sams-industrie.fr\/en\/wp-json\/wp\/v2\/media?parent=10500"}],"curies":[{"name":"wp","href":"https:\/\/api.w.org\/{rel}","templated":true}]}}