{"id":10497,"date":"2025-02-05T09:58:13","date_gmt":"2025-02-05T08:58:13","guid":{"rendered":"https:\/\/www.sams-industrie.fr\/product\/pignon-double-reference-empileur-3\/"},"modified":"2025-10-29T15:29:46","modified_gmt":"2025-10-29T14:29:46","slug":"pignon-double-reference-empileur-3","status":"publish","type":"product","link":"https:\/\/www.sams-industrie.fr\/en\/product\/pignon-double-reference-empileur-3\/","title":{"rendered":"Double gable<br> Reference DK-007-112"},"content":{"rendered":"","protected":false},"excerpt":{"rendered":"<p>RAPIDEX<br \/>\nR\u00e9f\u00e9rence constructeur : DK-007-112<br \/>\nR\u00e9f\u00e9rences \u00e9quivalentes : DK007112 \/ MDK007112 \/ RAPDK007112<\/p>","protected":false},"featured_media":11669,"comment_status":"open","ping_status":"closed","template":"","meta":[],"_links":{"self":[{"href":"https:\/\/www.sams-industrie.fr\/en\/wp-json\/wp\/v2\/product\/10497"}],"collection":[{"href":"https:\/\/www.sams-industrie.fr\/en\/wp-json\/wp\/v2\/product"}],"about":[{"href":"https:\/\/www.sams-industrie.fr\/en\/wp-json\/wp\/v2\/types\/product"}],"replies":[{"embeddable":true,"href":"https:\/\/www.sams-industrie.fr\/en\/wp-json\/wp\/v2\/comments?post=10497"}],"wp:featuredmedia":[{"embeddable":true,"href":"https:\/\/www.sams-industrie.fr\/en\/wp-json\/wp\/v2\/media\/11669"}],"wp:attachment":[{"href":"https:\/\/www.sams-industrie.fr\/en\/wp-json\/wp\/v2\/media?parent=10497"}],"curies":[{"name":"wp","href":"https:\/\/api.w.org\/{rel}","templated":true}]}}