{"id":10493,"date":"2025-02-05T09:58:07","date_gmt":"2025-02-05T08:58:07","guid":{"rendered":"https:\/\/www.sams-industrie.fr\/product\/flasque-reference-empileur-3\/"},"modified":"2025-02-19T11:59:17","modified_gmt":"2025-02-19T10:59:17","slug":"flasque-reference-empileur-3","status":"publish","type":"product","link":"https:\/\/www.sams-industrie.fr\/en\/product\/flasque-reference-empileur-3\/","title":{"rendered":"Flask<br> Reference DK-005-017"},"content":{"rendered":"","protected":false},"excerpt":{"rendered":"<p>RAPIDEX <br \/> R\u00e9f\u00e9rence constructeur : DK-005-017<br \/> R\u00e9f\u00e9rences \u00e9quivalentes : DK005017 \/ MDK005017 \/ RAPDK005017<\/p>","protected":false},"featured_media":0,"comment_status":"open","ping_status":"closed","template":"","meta":[],"_links":{"self":[{"href":"https:\/\/www.sams-industrie.fr\/en\/wp-json\/wp\/v2\/product\/10493"}],"collection":[{"href":"https:\/\/www.sams-industrie.fr\/en\/wp-json\/wp\/v2\/product"}],"about":[{"href":"https:\/\/www.sams-industrie.fr\/en\/wp-json\/wp\/v2\/types\/product"}],"replies":[{"embeddable":true,"href":"https:\/\/www.sams-industrie.fr\/en\/wp-json\/wp\/v2\/comments?post=10493"}],"wp:attachment":[{"href":"https:\/\/www.sams-industrie.fr\/en\/wp-json\/wp\/v2\/media?parent=10493"}],"curies":[{"name":"wp","href":"https:\/\/api.w.org\/{rel}","templated":true}]}}