{"id":10490,"date":"2025-02-05T09:58:03","date_gmt":"2025-02-05T08:58:03","guid":{"rendered":"https:\/\/www.sams-industrie.fr\/product\/arbre-de-commande-reference-empileur-3\/"},"modified":"2025-02-19T11:59:15","modified_gmt":"2025-02-19T10:59:15","slug":"arbre-de-commande-reference-empileur-3","status":"publish","type":"product","link":"https:\/\/www.sams-industrie.fr\/en\/product\/arbre-de-commande-reference-empileur-3\/","title":{"rendered":"Control shaft<br> Reference DK-005-050"},"content":{"rendered":"","protected":false},"excerpt":{"rendered":"<p>RAPIDEX <br \/> R\u00e9f\u00e9rence constructeur : DK-005-050<br \/> R\u00e9f\u00e9rences \u00e9quivalentes : DK005050 \/ MDK005050 \/ RAPDK005050<\/p>","protected":false},"featured_media":0,"comment_status":"open","ping_status":"closed","template":"","meta":[],"_links":{"self":[{"href":"https:\/\/www.sams-industrie.fr\/en\/wp-json\/wp\/v2\/product\/10490"}],"collection":[{"href":"https:\/\/www.sams-industrie.fr\/en\/wp-json\/wp\/v2\/product"}],"about":[{"href":"https:\/\/www.sams-industrie.fr\/en\/wp-json\/wp\/v2\/types\/product"}],"replies":[{"embeddable":true,"href":"https:\/\/www.sams-industrie.fr\/en\/wp-json\/wp\/v2\/comments?post=10490"}],"wp:attachment":[{"href":"https:\/\/www.sams-industrie.fr\/en\/wp-json\/wp\/v2\/media?parent=10490"}],"curies":[{"name":"wp","href":"https:\/\/api.w.org\/{rel}","templated":true}]}}