{"id":10487,"date":"2025-02-05T09:57:59","date_gmt":"2025-02-05T08:57:59","guid":{"rendered":"https:\/\/www.sams-industrie.fr\/product\/ecrou-de-deplacement-reference-empileur-2\/"},"modified":"2025-02-19T11:59:13","modified_gmt":"2025-02-19T10:59:13","slug":"ecrou-de-deplacement-reference-empileur-2","status":"publish","type":"product","link":"https:\/\/www.sams-industrie.fr\/en\/product\/ecrou-de-deplacement-reference-empileur-2\/","title":{"rendered":"Displacement nut<br> Reference DK-005-029"},"content":{"rendered":"","protected":false},"excerpt":{"rendered":"<p>RAPIDEX <br \/> R\u00e9f\u00e9rence constructeur : DK-005-029<br \/> R\u00e9f\u00e9rences \u00e9quivalentes : DK005029 \/ MDK005029 \/ RAPDK005029<\/p>","protected":false},"featured_media":0,"comment_status":"open","ping_status":"closed","template":"","meta":[],"_links":{"self":[{"href":"https:\/\/www.sams-industrie.fr\/en\/wp-json\/wp\/v2\/product\/10487"}],"collection":[{"href":"https:\/\/www.sams-industrie.fr\/en\/wp-json\/wp\/v2\/product"}],"about":[{"href":"https:\/\/www.sams-industrie.fr\/en\/wp-json\/wp\/v2\/types\/product"}],"replies":[{"embeddable":true,"href":"https:\/\/www.sams-industrie.fr\/en\/wp-json\/wp\/v2\/comments?post=10487"}],"wp:attachment":[{"href":"https:\/\/www.sams-industrie.fr\/en\/wp-json\/wp\/v2\/media?parent=10487"}],"curies":[{"name":"wp","href":"https:\/\/api.w.org\/{rel}","templated":true}]}}