{"id":10486,"date":"2025-02-05T09:57:58","date_gmt":"2025-02-05T08:57:58","guid":{"rendered":"https:\/\/www.sams-industrie.fr\/product\/ecrou-de-deplacement-reference-empileur\/"},"modified":"2025-02-19T11:59:12","modified_gmt":"2025-02-19T10:59:12","slug":"ecrou-de-deplacement-reference-empileur","status":"publish","type":"product","link":"https:\/\/www.sams-industrie.fr\/en\/product\/ecrou-de-deplacement-reference-empileur\/","title":{"rendered":"Displacement nut<br> Reference DK-005-027"},"content":{"rendered":"","protected":false},"excerpt":{"rendered":"<p>RAPIDEX <br \/> R\u00e9f\u00e9rence constructeur : DK-005-027<br \/> R\u00e9f\u00e9rences \u00e9quivalentes : DK005027 \/ MDK005027 \/ RAPDK005027<\/p>","protected":false},"featured_media":0,"comment_status":"open","ping_status":"closed","template":"","meta":[],"_links":{"self":[{"href":"https:\/\/www.sams-industrie.fr\/en\/wp-json\/wp\/v2\/product\/10486"}],"collection":[{"href":"https:\/\/www.sams-industrie.fr\/en\/wp-json\/wp\/v2\/product"}],"about":[{"href":"https:\/\/www.sams-industrie.fr\/en\/wp-json\/wp\/v2\/types\/product"}],"replies":[{"embeddable":true,"href":"https:\/\/www.sams-industrie.fr\/en\/wp-json\/wp\/v2\/comments?post=10486"}],"wp:attachment":[{"href":"https:\/\/www.sams-industrie.fr\/en\/wp-json\/wp\/v2\/media?parent=10486"}],"curies":[{"name":"wp","href":"https:\/\/api.w.org\/{rel}","templated":true}]}}