{"id":10481,"date":"2025-02-05T09:57:54","date_gmt":"2025-02-05T08:57:54","guid":{"rendered":"https:\/\/www.sams-industrie.fr\/product\/rail-guide-reference-empileur-2\/"},"modified":"2025-02-19T11:59:08","modified_gmt":"2025-02-19T10:59:08","slug":"rail-guide-reference-empileur-2","status":"publish","type":"product","link":"https:\/\/www.sams-industrie.fr\/en\/product\/rail-guide-reference-empileur-2\/","title":{"rendered":"Guide rail<br> Reference DK-012-006"},"content":{"rendered":"","protected":false},"excerpt":{"rendered":"<p>RAPIDEX <br \/> R\u00e9f\u00e9rence constructeur : DK-012-006<br \/> R\u00e9f\u00e9rences \u00e9quivalentes : DK012006 \/ MDK012006 \/ RAPDK012006<\/p>","protected":false},"featured_media":0,"comment_status":"open","ping_status":"closed","template":"","meta":[],"_links":{"self":[{"href":"https:\/\/www.sams-industrie.fr\/en\/wp-json\/wp\/v2\/product\/10481"}],"collection":[{"href":"https:\/\/www.sams-industrie.fr\/en\/wp-json\/wp\/v2\/product"}],"about":[{"href":"https:\/\/www.sams-industrie.fr\/en\/wp-json\/wp\/v2\/types\/product"}],"replies":[{"embeddable":true,"href":"https:\/\/www.sams-industrie.fr\/en\/wp-json\/wp\/v2\/comments?post=10481"}],"wp:attachment":[{"href":"https:\/\/www.sams-industrie.fr\/en\/wp-json\/wp\/v2\/media?parent=10481"}],"curies":[{"name":"wp","href":"https:\/\/api.w.org\/{rel}","templated":true}]}}