{"id":10476,"date":"2025-02-05T09:57:45","date_gmt":"2025-02-05T08:57:45","guid":{"rendered":"https:\/\/www.sams-industrie.fr\/product\/arbre-de-commande-reference-empileur\/"},"modified":"2025-02-19T11:59:05","modified_gmt":"2025-02-19T10:59:05","slug":"arbre-de-commande-reference-empileur","status":"publish","type":"product","link":"https:\/\/www.sams-industrie.fr\/en\/product\/arbre-de-commande-reference-empileur\/","title":{"rendered":"Control shaft<br> Reference DK-012-054 LJ"},"content":{"rendered":"","protected":false},"excerpt":{"rendered":"<p>RAPIDEX <br \/> R\u00e9f\u00e9rence constructeur : DK-012-054 LJ<br \/> R\u00e9f\u00e9rences \u00e9quivalentes : DK012054LJ \/ MDK012054LJ \/ RAPDK012054LJ<\/p>","protected":false},"featured_media":0,"comment_status":"open","ping_status":"closed","template":"","meta":[],"_links":{"self":[{"href":"https:\/\/www.sams-industrie.fr\/en\/wp-json\/wp\/v2\/product\/10476"}],"collection":[{"href":"https:\/\/www.sams-industrie.fr\/en\/wp-json\/wp\/v2\/product"}],"about":[{"href":"https:\/\/www.sams-industrie.fr\/en\/wp-json\/wp\/v2\/types\/product"}],"replies":[{"embeddable":true,"href":"https:\/\/www.sams-industrie.fr\/en\/wp-json\/wp\/v2\/comments?post=10476"}],"wp:attachment":[{"href":"https:\/\/www.sams-industrie.fr\/en\/wp-json\/wp\/v2\/media?parent=10476"}],"curies":[{"name":"wp","href":"https:\/\/api.w.org\/{rel}","templated":true}]}}