{"id":10475,"date":"2025-02-05T09:57:44","date_gmt":"2025-02-05T08:57:44","guid":{"rendered":"https:\/\/www.sams-industrie.fr\/product\/pignon-double-reference-empileur-2\/"},"modified":"2025-02-19T11:59:04","modified_gmt":"2025-02-19T10:59:04","slug":"pignon-double-reference-empileur-2","status":"publish","type":"product","link":"https:\/\/www.sams-industrie.fr\/en\/product\/pignon-double-reference-empileur-2\/","title":{"rendered":"Double gable<br> Reference DK-007-104"},"content":{"rendered":"","protected":false},"excerpt":{"rendered":"<p>RAPIDEX <br \/> R\u00e9f\u00e9rence constructeur : DK-007-104<br \/> R\u00e9f\u00e9rences \u00e9quivalentes : DK007104 \/ MDK007104 \/ RAPDK007104<\/p>","protected":false},"featured_media":0,"comment_status":"open","ping_status":"closed","template":"","meta":[],"_links":{"self":[{"href":"https:\/\/www.sams-industrie.fr\/en\/wp-json\/wp\/v2\/product\/10475"}],"collection":[{"href":"https:\/\/www.sams-industrie.fr\/en\/wp-json\/wp\/v2\/product"}],"about":[{"href":"https:\/\/www.sams-industrie.fr\/en\/wp-json\/wp\/v2\/types\/product"}],"replies":[{"embeddable":true,"href":"https:\/\/www.sams-industrie.fr\/en\/wp-json\/wp\/v2\/comments?post=10475"}],"wp:attachment":[{"href":"https:\/\/www.sams-industrie.fr\/en\/wp-json\/wp\/v2\/media?parent=10475"}],"curies":[{"name":"wp","href":"https:\/\/api.w.org\/{rel}","templated":true}]}}