{"id":10470,"date":"2025-02-05T09:57:40","date_gmt":"2025-02-05T08:57:40","guid":{"rendered":"https:\/\/www.sams-industrie.fr\/product\/flasque-reference-empileur\/"},"modified":"2025-02-19T11:59:00","modified_gmt":"2025-02-19T10:59:00","slug":"flasque-reference-empileur","status":"publish","type":"product","link":"https:\/\/www.sams-industrie.fr\/en\/product\/flasque-reference-empileur\/","title":{"rendered":"Flask<br> Reference DK-007-026"},"content":{"rendered":"","protected":false},"excerpt":{"rendered":"<p>RAPIDEX <br \/> R\u00e9f\u00e9rence constructeur : DK-007-026<br \/> R\u00e9f\u00e9rences \u00e9quivalentes : DK007026 \/ MDK007026 \/ RAPDK007026<\/p>","protected":false},"featured_media":0,"comment_status":"open","ping_status":"closed","template":"","meta":[],"_links":{"self":[{"href":"https:\/\/www.sams-industrie.fr\/en\/wp-json\/wp\/v2\/product\/10470"}],"collection":[{"href":"https:\/\/www.sams-industrie.fr\/en\/wp-json\/wp\/v2\/product"}],"about":[{"href":"https:\/\/www.sams-industrie.fr\/en\/wp-json\/wp\/v2\/types\/product"}],"replies":[{"embeddable":true,"href":"https:\/\/www.sams-industrie.fr\/en\/wp-json\/wp\/v2\/comments?post=10470"}],"wp:attachment":[{"href":"https:\/\/www.sams-industrie.fr\/en\/wp-json\/wp\/v2\/media?parent=10470"}],"curies":[{"name":"wp","href":"https:\/\/api.w.org\/{rel}","templated":true}]}}