{"id":10469,"date":"2025-02-05T09:57:39","date_gmt":"2025-02-05T08:57:39","guid":{"rendered":"https:\/\/www.sams-industrie.fr\/product\/clavette-reference-empileur\/"},"modified":"2025-02-19T11:58:59","modified_gmt":"2025-02-19T10:58:59","slug":"clavette-reference-empileur","status":"publish","type":"product","link":"https:\/\/www.sams-industrie.fr\/en\/product\/clavette-reference-empileur\/","title":{"rendered":"Key<br> Reference DK-007-018"},"content":{"rendered":"","protected":false},"excerpt":{"rendered":"<p>RAPIDEX <br \/> R\u00e9f\u00e9rence constructeur : DK-007-018<br \/> R\u00e9f\u00e9rences \u00e9quivalentes : DK007018 \/ MDK007018 \/ RAPDK007018<\/p>","protected":false},"featured_media":0,"comment_status":"open","ping_status":"closed","template":"","meta":[],"_links":{"self":[{"href":"https:\/\/www.sams-industrie.fr\/en\/wp-json\/wp\/v2\/product\/10469"}],"collection":[{"href":"https:\/\/www.sams-industrie.fr\/en\/wp-json\/wp\/v2\/product"}],"about":[{"href":"https:\/\/www.sams-industrie.fr\/en\/wp-json\/wp\/v2\/types\/product"}],"replies":[{"embeddable":true,"href":"https:\/\/www.sams-industrie.fr\/en\/wp-json\/wp\/v2\/comments?post=10469"}],"wp:attachment":[{"href":"https:\/\/www.sams-industrie.fr\/en\/wp-json\/wp\/v2\/media?parent=10469"}],"curies":[{"name":"wp","href":"https:\/\/api.w.org\/{rel}","templated":true}]}}