{"id":10464,"date":"2025-02-05T09:57:34","date_gmt":"2025-02-05T08:57:34","guid":{"rendered":"https:\/\/www.sams-industrie.fr\/product\/glissiere-de-butees-frontales-reference-empileur\/"},"modified":"2025-02-19T11:58:54","modified_gmt":"2025-02-19T10:58:54","slug":"glissiere-de-butees-frontales-reference-empileur","status":"publish","type":"product","link":"https:\/\/www.sams-industrie.fr\/en\/product\/glissiere-de-butees-frontales-reference-empileur\/","title":{"rendered":"Front stop slide<br> Reference DK-012-007"},"content":{"rendered":"","protected":false},"excerpt":{"rendered":"<p>RAPIDEX <br \/> R\u00e9f\u00e9rence constructeur : DK-012-007<br \/> R\u00e9f\u00e9rences \u00e9quivalentes : DK012007 \/ MDK012007 \/ RAPDK012007<\/p>","protected":false},"featured_media":0,"comment_status":"open","ping_status":"closed","template":"","meta":[],"_links":{"self":[{"href":"https:\/\/www.sams-industrie.fr\/en\/wp-json\/wp\/v2\/product\/10464"}],"collection":[{"href":"https:\/\/www.sams-industrie.fr\/en\/wp-json\/wp\/v2\/product"}],"about":[{"href":"https:\/\/www.sams-industrie.fr\/en\/wp-json\/wp\/v2\/types\/product"}],"replies":[{"embeddable":true,"href":"https:\/\/www.sams-industrie.fr\/en\/wp-json\/wp\/v2\/comments?post=10464"}],"wp:attachment":[{"href":"https:\/\/www.sams-industrie.fr\/en\/wp-json\/wp\/v2\/media?parent=10464"}],"curies":[{"name":"wp","href":"https:\/\/api.w.org\/{rel}","templated":true}]}}