{"id":10463,"date":"2025-02-05T09:57:34","date_gmt":"2025-02-05T08:57:34","guid":{"rendered":"https:\/\/www.sams-industrie.fr\/product\/entretoise-de-galet-reference-empileur-2\/"},"modified":"2025-02-19T11:58:53","modified_gmt":"2025-02-19T10:58:53","slug":"entretoise-de-galet-reference-empileur-2","status":"publish","type":"product","link":"https:\/\/www.sams-industrie.fr\/en\/product\/entretoise-de-galet-reference-empileur-2\/","title":{"rendered":"Roller spacer<br> Reference R202302"},"content":{"rendered":"","protected":false},"excerpt":{"rendered":"<p>RAPIDEX <br \/> R\u00e9f\u00e9rence constructeur : R202302<br \/> R\u00e9f\u00e9rences \u00e9quivalentes : R202302 \/ MR202302 \/ RAPR202302<\/p>","protected":false},"featured_media":0,"comment_status":"open","ping_status":"closed","template":"","meta":[],"_links":{"self":[{"href":"https:\/\/www.sams-industrie.fr\/en\/wp-json\/wp\/v2\/product\/10463"}],"collection":[{"href":"https:\/\/www.sams-industrie.fr\/en\/wp-json\/wp\/v2\/product"}],"about":[{"href":"https:\/\/www.sams-industrie.fr\/en\/wp-json\/wp\/v2\/types\/product"}],"replies":[{"embeddable":true,"href":"https:\/\/www.sams-industrie.fr\/en\/wp-json\/wp\/v2\/comments?post=10463"}],"wp:attachment":[{"href":"https:\/\/www.sams-industrie.fr\/en\/wp-json\/wp\/v2\/media?parent=10463"}],"curies":[{"name":"wp","href":"https:\/\/api.w.org\/{rel}","templated":true}]}}