{"id":10462,"date":"2025-02-05T09:57:33","date_gmt":"2025-02-05T08:57:33","guid":{"rendered":"https:\/\/www.sams-industrie.fr\/product\/plaque-support-butees-frontales-reference-empileur\/"},"modified":"2025-02-19T11:58:52","modified_gmt":"2025-02-19T10:58:52","slug":"plaque-support-butees-frontales-reference-empileur","status":"publish","type":"product","link":"https:\/\/www.sams-industrie.fr\/en\/product\/plaque-support-butees-frontales-reference-empileur\/","title":{"rendered":"Front stop support plate<br> Reference DK-012-135"},"content":{"rendered":"","protected":false},"excerpt":{"rendered":"<p>RAPIDEX <br \/> R\u00e9f\u00e9rence constructeur : DK-012-135<br \/> R\u00e9f\u00e9rences \u00e9quivalentes : DK012135 \/ MDK012135 \/ RAPDK012135<\/p>","protected":false},"featured_media":0,"comment_status":"open","ping_status":"closed","template":"","meta":[],"_links":{"self":[{"href":"https:\/\/www.sams-industrie.fr\/en\/wp-json\/wp\/v2\/product\/10462"}],"collection":[{"href":"https:\/\/www.sams-industrie.fr\/en\/wp-json\/wp\/v2\/product"}],"about":[{"href":"https:\/\/www.sams-industrie.fr\/en\/wp-json\/wp\/v2\/types\/product"}],"replies":[{"embeddable":true,"href":"https:\/\/www.sams-industrie.fr\/en\/wp-json\/wp\/v2\/comments?post=10462"}],"wp:attachment":[{"href":"https:\/\/www.sams-industrie.fr\/en\/wp-json\/wp\/v2\/media?parent=10462"}],"curies":[{"name":"wp","href":"https:\/\/api.w.org\/{rel}","templated":true}]}}