{"id":10461,"date":"2025-02-05T09:57:32","date_gmt":"2025-02-05T08:57:32","guid":{"rendered":"https:\/\/www.sams-industrie.fr\/product\/entretoise-de-galet-reference-empileur\/"},"modified":"2025-02-19T11:58:52","modified_gmt":"2025-02-19T10:58:52","slug":"entretoise-de-galet-reference-empileur","status":"publish","type":"product","link":"https:\/\/www.sams-industrie.fr\/en\/product\/entretoise-de-galet-reference-empileur\/","title":{"rendered":"Roller spacer<br> Reference R-20.2-30-13"},"content":{"rendered":"","protected":false},"excerpt":{"rendered":"<p>RAPIDEX <br \/> R\u00e9f\u00e9rence constructeur : R-20.2-30-13<br \/> R\u00e9f\u00e9rences \u00e9quivalentes : R2023013 \/ MR2023013 \/ RAPR2023013<\/p>","protected":false},"featured_media":0,"comment_status":"open","ping_status":"closed","template":"","meta":[],"_links":{"self":[{"href":"https:\/\/www.sams-industrie.fr\/en\/wp-json\/wp\/v2\/product\/10461"}],"collection":[{"href":"https:\/\/www.sams-industrie.fr\/en\/wp-json\/wp\/v2\/product"}],"about":[{"href":"https:\/\/www.sams-industrie.fr\/en\/wp-json\/wp\/v2\/types\/product"}],"replies":[{"embeddable":true,"href":"https:\/\/www.sams-industrie.fr\/en\/wp-json\/wp\/v2\/comments?post=10461"}],"wp:attachment":[{"href":"https:\/\/www.sams-industrie.fr\/en\/wp-json\/wp\/v2\/media?parent=10461"}],"curies":[{"name":"wp","href":"https:\/\/api.w.org\/{rel}","templated":true}]}}