{"id":10460,"date":"2025-02-05T09:57:31","date_gmt":"2025-02-05T08:57:31","guid":{"rendered":"https:\/\/www.sams-industrie.fr\/product\/galet-2-flasques-deplacement-butees-reference-empileur\/"},"modified":"2025-02-19T11:58:51","modified_gmt":"2025-02-19T10:58:51","slug":"galet-2-flasques-deplacement-butees-reference-empileur","status":"publish","type":"product","link":"https:\/\/www.sams-industrie.fr\/en\/product\/galet-2-flasques-deplacement-butees-reference-empileur\/","title":{"rendered":"Roller 2 flanges displacement stops<br> Reference DK-012-022"},"content":{"rendered":"","protected":false},"excerpt":{"rendered":"<p>RAPIDEX <br \/> R\u00e9f\u00e9rence constructeur : DK-012-022<br \/> R\u00e9f\u00e9rences \u00e9quivalentes : DK012022 \/ MDK012022 \/ RAPDK012022<\/p>","protected":false},"featured_media":0,"comment_status":"open","ping_status":"closed","template":"","meta":[],"_links":{"self":[{"href":"https:\/\/www.sams-industrie.fr\/en\/wp-json\/wp\/v2\/product\/10460"}],"collection":[{"href":"https:\/\/www.sams-industrie.fr\/en\/wp-json\/wp\/v2\/product"}],"about":[{"href":"https:\/\/www.sams-industrie.fr\/en\/wp-json\/wp\/v2\/types\/product"}],"replies":[{"embeddable":true,"href":"https:\/\/www.sams-industrie.fr\/en\/wp-json\/wp\/v2\/comments?post=10460"}],"wp:attachment":[{"href":"https:\/\/www.sams-industrie.fr\/en\/wp-json\/wp\/v2\/media?parent=10460"}],"curies":[{"name":"wp","href":"https:\/\/api.w.org\/{rel}","templated":true}]}}