{"id":10459,"date":"2025-02-05T09:57:30","date_gmt":"2025-02-05T08:57:30","guid":{"rendered":"https:\/\/www.sams-industrie.fr\/product\/pignon-de-commande-reference-equerrage-3\/"},"modified":"2025-02-19T11:58:50","modified_gmt":"2025-02-19T10:58:50","slug":"pignon-de-commande-reference-equerrage-3","status":"publish","type":"product","link":"https:\/\/www.sams-industrie.fr\/en\/product\/pignon-de-commande-reference-equerrage-3\/","title":{"rendered":"Drive pinion<br> Reference BK-045-025"},"content":{"rendered":"","protected":false},"excerpt":{"rendered":"<p>RAPIDEX RAPIDLINE 10 \u2013 RAPIDLINE 13 \u2013 RAPIDLINE 16 \u2013 RAPIDLINE 22<br \/> R\u00e9f\u00e9rence constructeur : BK-045-025<br \/> R\u00e9f\u00e9rences \u00e9quivalentes : BK045025 \/ MBK045025 \/ RAPBK045025<\/p>","protected":false},"featured_media":0,"comment_status":"open","ping_status":"closed","template":"","meta":[],"_links":{"self":[{"href":"https:\/\/www.sams-industrie.fr\/en\/wp-json\/wp\/v2\/product\/10459"}],"collection":[{"href":"https:\/\/www.sams-industrie.fr\/en\/wp-json\/wp\/v2\/product"}],"about":[{"href":"https:\/\/www.sams-industrie.fr\/en\/wp-json\/wp\/v2\/types\/product"}],"replies":[{"embeddable":true,"href":"https:\/\/www.sams-industrie.fr\/en\/wp-json\/wp\/v2\/comments?post=10459"}],"wp:attachment":[{"href":"https:\/\/www.sams-industrie.fr\/en\/wp-json\/wp\/v2\/media?parent=10459"}],"curies":[{"name":"wp","href":"https:\/\/api.w.org\/{rel}","templated":true}]}}