{"id":10458,"date":"2025-02-05T09:57:29","date_gmt":"2025-02-05T08:57:29","guid":{"rendered":"https:\/\/www.sams-industrie.fr\/product\/cannele-de-commande-reference-equerrage\/"},"modified":"2025-02-19T11:58:49","modified_gmt":"2025-02-19T10:58:49","slug":"cannele-de-commande-reference-equerrage","status":"publish","type":"product","link":"https:\/\/www.sams-industrie.fr\/en\/product\/cannele-de-commande-reference-equerrage\/","title":{"rendered":"Control groove<br> Reference BQ-011-001"},"content":{"rendered":"","protected":false},"excerpt":{"rendered":"<p>RAPIDEX RAPIDLINE 10 \u2013 RAPIDLINE 13 \u2013 RAPIDLINE 16 \u2013 RAPIDLINE 22<br \/> R\u00e9f\u00e9rence constructeur : BQ-011-001<br \/> R\u00e9f\u00e9rences \u00e9quivalentes : BQ011001 \/ MBQ011001 \/ RAPBQ011001<\/p>","protected":false},"featured_media":0,"comment_status":"open","ping_status":"closed","template":"","meta":[],"_links":{"self":[{"href":"https:\/\/www.sams-industrie.fr\/en\/wp-json\/wp\/v2\/product\/10458"}],"collection":[{"href":"https:\/\/www.sams-industrie.fr\/en\/wp-json\/wp\/v2\/product"}],"about":[{"href":"https:\/\/www.sams-industrie.fr\/en\/wp-json\/wp\/v2\/types\/product"}],"replies":[{"embeddable":true,"href":"https:\/\/www.sams-industrie.fr\/en\/wp-json\/wp\/v2\/comments?post=10458"}],"wp:attachment":[{"href":"https:\/\/www.sams-industrie.fr\/en\/wp-json\/wp\/v2\/media?parent=10458"}],"curies":[{"name":"wp","href":"https:\/\/api.w.org\/{rel}","templated":true}]}}