{"id":10456,"date":"2025-02-05T09:57:27","date_gmt":"2025-02-05T08:57:27","guid":{"rendered":"https:\/\/www.sams-industrie.fr\/product\/entretoise-reference-equerrage-2\/"},"modified":"2025-02-19T11:58:46","modified_gmt":"2025-02-19T10:58:46","slug":"entretoise-reference-equerrage-2","status":"publish","type":"product","link":"https:\/\/www.sams-industrie.fr\/en\/product\/entretoise-reference-equerrage-2\/","title":{"rendered":"Spacer<br> Reference R282504"},"content":{"rendered":"","protected":false},"excerpt":{"rendered":"<p>RAPIDEX RAPIDLINE 22<br \/> R\u00e9f\u00e9rence constructeur : R282504<br \/> R\u00e9f\u00e9rences \u00e9quivalentes : R282504 \/ MR282504 \/ RAPR282504<\/p>","protected":false},"featured_media":0,"comment_status":"open","ping_status":"closed","template":"","meta":[],"_links":{"self":[{"href":"https:\/\/www.sams-industrie.fr\/en\/wp-json\/wp\/v2\/product\/10456"}],"collection":[{"href":"https:\/\/www.sams-industrie.fr\/en\/wp-json\/wp\/v2\/product"}],"about":[{"href":"https:\/\/www.sams-industrie.fr\/en\/wp-json\/wp\/v2\/types\/product"}],"replies":[{"embeddable":true,"href":"https:\/\/www.sams-industrie.fr\/en\/wp-json\/wp\/v2\/comments?post=10456"}],"wp:attachment":[{"href":"https:\/\/www.sams-industrie.fr\/en\/wp-json\/wp\/v2\/media?parent=10456"}],"curies":[{"name":"wp","href":"https:\/\/api.w.org\/{rel}","templated":true}]}}