{"id":10455,"date":"2025-02-05T09:57:27","date_gmt":"2025-02-05T08:57:27","guid":{"rendered":"https:\/\/www.sams-industrie.fr\/product\/arbre-cannele-entraineur-courroie-reference-equerrage\/"},"modified":"2025-02-19T11:58:45","modified_gmt":"2025-02-19T10:58:45","slug":"arbre-cannele-entraineur-courroie-reference-equerrage","status":"publish","type":"product","link":"https:\/\/www.sams-industrie.fr\/en\/product\/arbre-cannele-entraineur-courroie-reference-equerrage\/","title":{"rendered":"Splined belt drive shaft<br> Reference WA-011-682"},"content":{"rendered":"","protected":false},"excerpt":{"rendered":"<p>RAPIDEX RAPIDLINE 22<br \/> R\u00e9f\u00e9rence constructeur : WA-011-682<br \/> R\u00e9f\u00e9rences \u00e9quivalentes : WA011682 \/ MWA011682 \/ RAPWA011682<\/p>","protected":false},"featured_media":0,"comment_status":"open","ping_status":"closed","template":"","meta":[],"_links":{"self":[{"href":"https:\/\/www.sams-industrie.fr\/en\/wp-json\/wp\/v2\/product\/10455"}],"collection":[{"href":"https:\/\/www.sams-industrie.fr\/en\/wp-json\/wp\/v2\/product"}],"about":[{"href":"https:\/\/www.sams-industrie.fr\/en\/wp-json\/wp\/v2\/types\/product"}],"replies":[{"embeddable":true,"href":"https:\/\/www.sams-industrie.fr\/en\/wp-json\/wp\/v2\/comments?post=10455"}],"wp:attachment":[{"href":"https:\/\/www.sams-industrie.fr\/en\/wp-json\/wp\/v2\/media?parent=10455"}],"curies":[{"name":"wp","href":"https:\/\/api.w.org\/{rel}","templated":true}]}}