{"id":10454,"date":"2025-02-05T09:57:24","date_gmt":"2025-02-05T08:57:24","guid":{"rendered":"https:\/\/www.sams-industrie.fr\/product\/palier-intermediaire-reference-equerrage\/"},"modified":"2025-02-19T11:58:45","modified_gmt":"2025-02-19T10:58:45","slug":"palier-intermediaire-reference-equerrage","status":"publish","type":"product","link":"https:\/\/www.sams-industrie.fr\/en\/product\/palier-intermediaire-reference-equerrage\/","title":{"rendered":"Intermediate level<br> Reference BK-045-029"},"content":{"rendered":"","protected":false},"excerpt":{"rendered":"<p>RAPIDEX RAPIDLINE 10 \u2013 RAPIDLINE 13 \u2013 RAPIDLINE 16 \u2013 RAPIDLINE 22<br \/> R\u00e9f\u00e9rence constructeur : BK-045-029<br \/> R\u00e9f\u00e9rences \u00e9quivalentes : BK045029 \/ MBK045029 \/ RAPBK045029<\/p>","protected":false},"featured_media":0,"comment_status":"open","ping_status":"closed","template":"","meta":[],"_links":{"self":[{"href":"https:\/\/www.sams-industrie.fr\/en\/wp-json\/wp\/v2\/product\/10454"}],"collection":[{"href":"https:\/\/www.sams-industrie.fr\/en\/wp-json\/wp\/v2\/product"}],"about":[{"href":"https:\/\/www.sams-industrie.fr\/en\/wp-json\/wp\/v2\/types\/product"}],"replies":[{"embeddable":true,"href":"https:\/\/www.sams-industrie.fr\/en\/wp-json\/wp\/v2\/comments?post=10454"}],"wp:attachment":[{"href":"https:\/\/www.sams-industrie.fr\/en\/wp-json\/wp\/v2\/media?parent=10454"}],"curies":[{"name":"wp","href":"https:\/\/api.w.org\/{rel}","templated":true}]}}