{"id":10453,"date":"2025-02-05T09:57:23","date_gmt":"2025-02-05T08:57:23","guid":{"rendered":"https:\/\/www.sams-industrie.fr\/product\/roue-dentrainement-reference-equerrage\/"},"modified":"2025-02-19T11:58:44","modified_gmt":"2025-02-19T10:58:44","slug":"roue-dentrainement-reference-equerrage","status":"publish","type":"product","link":"https:\/\/www.sams-industrie.fr\/en\/product\/roue-dentrainement-reference-equerrage\/","title":{"rendered":"Training wheel<br> Reference BK-045-028"},"content":{"rendered":"","protected":false},"excerpt":{"rendered":"<p>RAPIDEX RAPIDLINE 10 \u2013 RAPIDLINE 13 \u2013 RAPIDLINE 16 \u2013 RAPIDLINE 22<br \/> R\u00e9f\u00e9rence constructeur : BK-045-028<br \/> R\u00e9f\u00e9rences \u00e9quivalentes : BK045028 \/ MBK045028 \/ RAPBK045028<\/p>","protected":false},"featured_media":0,"comment_status":"open","ping_status":"closed","template":"","meta":[],"_links":{"self":[{"href":"https:\/\/www.sams-industrie.fr\/en\/wp-json\/wp\/v2\/product\/10453"}],"collection":[{"href":"https:\/\/www.sams-industrie.fr\/en\/wp-json\/wp\/v2\/product"}],"about":[{"href":"https:\/\/www.sams-industrie.fr\/en\/wp-json\/wp\/v2\/types\/product"}],"replies":[{"embeddable":true,"href":"https:\/\/www.sams-industrie.fr\/en\/wp-json\/wp\/v2\/comments?post=10453"}],"wp:attachment":[{"href":"https:\/\/www.sams-industrie.fr\/en\/wp-json\/wp\/v2\/media?parent=10453"}],"curies":[{"name":"wp","href":"https:\/\/api.w.org\/{rel}","templated":true}]}}