{"id":10452,"date":"2025-02-05T09:57:22","date_gmt":"2025-02-05T08:57:22","guid":{"rendered":"https:\/\/www.sams-industrie.fr\/product\/axe-renvoi-de-chaine-reference-equerrage\/"},"modified":"2025-02-19T11:58:43","modified_gmt":"2025-02-19T10:58:43","slug":"axe-renvoi-de-chaine-reference-equerrage","status":"publish","type":"product","link":"https:\/\/www.sams-industrie.fr\/en\/product\/axe-renvoi-de-chaine-reference-equerrage\/","title":{"rendered":"Chain return axle<br> Reference BQ-045-289"},"content":{"rendered":"","protected":false},"excerpt":{"rendered":"<p>RAPIDEX RTA12<br \/> R\u00e9f\u00e9rence constructeur : BQ-045-289<br \/> R\u00e9f\u00e9rences \u00e9quivalentes : BQ045289 \/ MBQ045289 \/ RAPBQ045289<\/p>","protected":false},"featured_media":0,"comment_status":"open","ping_status":"closed","template":"","meta":[],"_links":{"self":[{"href":"https:\/\/www.sams-industrie.fr\/en\/wp-json\/wp\/v2\/product\/10452"}],"collection":[{"href":"https:\/\/www.sams-industrie.fr\/en\/wp-json\/wp\/v2\/product"}],"about":[{"href":"https:\/\/www.sams-industrie.fr\/en\/wp-json\/wp\/v2\/types\/product"}],"replies":[{"embeddable":true,"href":"https:\/\/www.sams-industrie.fr\/en\/wp-json\/wp\/v2\/comments?post=10452"}],"wp:attachment":[{"href":"https:\/\/www.sams-industrie.fr\/en\/wp-json\/wp\/v2\/media?parent=10452"}],"curies":[{"name":"wp","href":"https:\/\/api.w.org\/{rel}","templated":true}]}}