{"id":10449,"date":"2025-02-05T09:57:19","date_gmt":"2025-02-05T08:57:19","guid":{"rendered":"https:\/\/www.sams-industrie.fr\/product\/pignon-reference-equerrage-3\/"},"modified":"2025-02-19T11:58:41","modified_gmt":"2025-02-19T10:58:41","slug":"pignon-reference-equerrage-3","status":"publish","type":"product","link":"https:\/\/www.sams-industrie.fr\/en\/product\/pignon-reference-equerrage-3\/","title":{"rendered":"Pinion<br> Reference BK-045-027"},"content":{"rendered":"","protected":false},"excerpt":{"rendered":"<p>RAPIDEX RTA12<br \/> R\u00e9f\u00e9rence constructeur : BK-045-027<br \/> R\u00e9f\u00e9rences \u00e9quivalentes : BK045027 \/ MBK045027 \/ RAPBK045027<\/p>","protected":false},"featured_media":0,"comment_status":"open","ping_status":"closed","template":"","meta":[],"_links":{"self":[{"href":"https:\/\/www.sams-industrie.fr\/en\/wp-json\/wp\/v2\/product\/10449"}],"collection":[{"href":"https:\/\/www.sams-industrie.fr\/en\/wp-json\/wp\/v2\/product"}],"about":[{"href":"https:\/\/www.sams-industrie.fr\/en\/wp-json\/wp\/v2\/types\/product"}],"replies":[{"embeddable":true,"href":"https:\/\/www.sams-industrie.fr\/en\/wp-json\/wp\/v2\/comments?post=10449"}],"wp:attachment":[{"href":"https:\/\/www.sams-industrie.fr\/en\/wp-json\/wp\/v2\/media?parent=10449"}],"curies":[{"name":"wp","href":"https:\/\/api.w.org\/{rel}","templated":true}]}}