{"id":10448,"date":"2025-02-05T09:57:18","date_gmt":"2025-02-05T08:57:18","guid":{"rendered":"https:\/\/www.sams-industrie.fr\/product\/rondelle-fraisee-reference-equerrage\/"},"modified":"2025-02-19T11:58:40","modified_gmt":"2025-02-19T10:58:40","slug":"rondelle-fraisee-reference-equerrage","status":"publish","type":"product","link":"https:\/\/www.sams-industrie.fr\/en\/product\/rondelle-fraisee-reference-equerrage\/","title":{"rendered":"Countersunk washer<br> Reference BK-045-036"},"content":{"rendered":"","protected":false},"excerpt":{"rendered":"<p>RAPIDEX RTA12<br \/> R\u00e9f\u00e9rence constructeur : BK-045-036<br \/> R\u00e9f\u00e9rences \u00e9quivalentes : BK045036 \/ MBK045036 \/ RAPBK045036<\/p>","protected":false},"featured_media":0,"comment_status":"open","ping_status":"closed","template":"","meta":[],"_links":{"self":[{"href":"https:\/\/www.sams-industrie.fr\/en\/wp-json\/wp\/v2\/product\/10448"}],"collection":[{"href":"https:\/\/www.sams-industrie.fr\/en\/wp-json\/wp\/v2\/product"}],"about":[{"href":"https:\/\/www.sams-industrie.fr\/en\/wp-json\/wp\/v2\/types\/product"}],"replies":[{"embeddable":true,"href":"https:\/\/www.sams-industrie.fr\/en\/wp-json\/wp\/v2\/comments?post=10448"}],"wp:attachment":[{"href":"https:\/\/www.sams-industrie.fr\/en\/wp-json\/wp\/v2\/media?parent=10448"}],"curies":[{"name":"wp","href":"https:\/\/api.w.org\/{rel}","templated":true}]}}