{"id":10445,"date":"2025-02-05T09:57:16","date_gmt":"2025-02-05T08:57:16","guid":{"rendered":"https:\/\/www.sams-industrie.fr\/product\/pignon-de-commande-reference-equerrage-2\/"},"modified":"2025-02-19T11:58:38","modified_gmt":"2025-02-19T10:58:38","slug":"pignon-de-commande-reference-equerrage-2","status":"publish","type":"product","link":"https:\/\/www.sams-industrie.fr\/en\/product\/pignon-de-commande-reference-equerrage-2\/","title":{"rendered":"Drive pinion<br> Reference 610-006-014"},"content":{"rendered":"","protected":false},"excerpt":{"rendered":"<p>RAPIDEX RAPIDLINE 10 \u2013 RAPIDLINE 13 \u2013 RAPIDLINE 16 \u2013 RAPIDLINE 22<br \/> R\u00e9f\u00e9rence constructeur : 610-006-014<br \/> R\u00e9f\u00e9rences \u00e9quivalentes : 610006014 \/ M610006014 \/ RAP610006014<\/p>","protected":false},"featured_media":0,"comment_status":"open","ping_status":"closed","template":"","meta":[],"_links":{"self":[{"href":"https:\/\/www.sams-industrie.fr\/en\/wp-json\/wp\/v2\/product\/10445"}],"collection":[{"href":"https:\/\/www.sams-industrie.fr\/en\/wp-json\/wp\/v2\/product"}],"about":[{"href":"https:\/\/www.sams-industrie.fr\/en\/wp-json\/wp\/v2\/types\/product"}],"replies":[{"embeddable":true,"href":"https:\/\/www.sams-industrie.fr\/en\/wp-json\/wp\/v2\/comments?post=10445"}],"wp:attachment":[{"href":"https:\/\/www.sams-industrie.fr\/en\/wp-json\/wp\/v2\/media?parent=10445"}],"curies":[{"name":"wp","href":"https:\/\/api.w.org\/{rel}","templated":true}]}}