{"id":10444,"date":"2025-02-05T09:57:15","date_gmt":"2025-02-05T08:57:15","guid":{"rendered":"https:\/\/www.sams-industrie.fr\/product\/pignon-de-commande-reference-equerrage\/"},"modified":"2025-02-19T11:58:35","modified_gmt":"2025-02-19T10:58:35","slug":"pignon-de-commande-reference-equerrage","status":"publish","type":"product","link":"https:\/\/www.sams-industrie.fr\/en\/product\/pignon-de-commande-reference-equerrage\/","title":{"rendered":"Drive pinion<br> Reference WA-045-223"},"content":{"rendered":"","protected":false},"excerpt":{"rendered":"<p>RAPIDEX RAPIDLINE 22<br \/> R\u00e9f\u00e9rence constructeur : WA-045-223<br \/> R\u00e9f\u00e9rences \u00e9quivalentes : WA045223 \/ MWA045223 \/ RAPWA045223<\/p>","protected":false},"featured_media":0,"comment_status":"open","ping_status":"closed","template":"","meta":[],"_links":{"self":[{"href":"https:\/\/www.sams-industrie.fr\/en\/wp-json\/wp\/v2\/product\/10444"}],"collection":[{"href":"https:\/\/www.sams-industrie.fr\/en\/wp-json\/wp\/v2\/product"}],"about":[{"href":"https:\/\/www.sams-industrie.fr\/en\/wp-json\/wp\/v2\/types\/product"}],"replies":[{"embeddable":true,"href":"https:\/\/www.sams-industrie.fr\/en\/wp-json\/wp\/v2\/comments?post=10444"}],"wp:attachment":[{"href":"https:\/\/www.sams-industrie.fr\/en\/wp-json\/wp\/v2\/media?parent=10444"}],"curies":[{"name":"wp","href":"https:\/\/api.w.org\/{rel}","templated":true}]}}